{"id":3978,"date":"2019-11-29T09:23:34","date_gmt":"2019-11-29T09:23:34","guid":{"rendered":"http:\/\/galerianueva.com\/quienes-somos\/"},"modified":"2025-05-05T11:44:59","modified_gmt":"2025-05-05T11:44:59","slug":"quienes-somos","status":"publish","type":"page","link":"https:\/\/galerianueva.com\/en\/quienes-somos\/","title":{"rendered":"Who we are"},"content":{"rendered":"<p>[vc_row middle_content=&#8221;yes&#8221; section_id=&#8221;home-arriba&#8221;][vc_column width=&#8221;1\/2&#8243;][vc_column_text]<\/p>\n<div class=\"grve-team-description\">\n<h3 class=\"grve-team-name grve-dark grve-h3\">Daniel Silvo<\/h3>\n<p><small class=\"grve-team-identity grve-dark\">Galer\u00eda Nueva director<\/small><\/div>\n<p>[\/vc_column_text][vc_column_text]<\/p>\n<h3>Gerard Zamora Jim\u00e9nez<\/h3>\n<p><small class=\"grve-team-identity grve-dark\"><\/small>team management and coordination[\/vc_column_text][vc_column_text]<\/p>\n<div class=\"grve-team-description\">\n<h3 class=\"grve-team-name grve-dark grve-h3\">Carlos Klett &amp; Samuel Ramiro<\/h3>\n<p>Production and assembly<\/p><\/div>\n<p>[\/vc_column_text][vc_column_text]<\/p>\n<div class=\"grve-team-description\">\n<h3 class=\"grve-team-name grve-dark grve-h3\">Ornella P. Belvedere<\/h3>\n<p><small class=\"grve-team-identity grve-dark\">Events and activities<\/small><\/p>\n<\/div>\n<p>[\/vc_column_text][vc_column_text]<\/p>\n<div class=\"grve-team-description\">\n<h3 class=\"grve-team-name grve-dark grve-h3\">Ornella P. Belvedere<\/h3>\n<p><small class=\"grve-team-identity grve-dark\">Events and activities<\/small><\/p>\n<\/div>\n<p>[\/vc_column_text][\/vc_column][\/vc_row][vc_row middle_content=&#8221;yes&#8221; section_id=&#8221;home-arriba&#8221;][vc_column width=&#8221;1\/2&#8243;][vc_column_text]<\/p>\n<div class=\"grve-team-description\">\n<h3 class=\"grve-team-name grve-dark grve-h3\">Board<\/h3>\n<\/div>\n<p>[\/vc_column_text][\/vc_column][vc_column width=&#8221;1\/2&#8243;][vc_column_text]<\/p>\n<div class=\"grve-team-description\">\n<p>Alejandra Arias, Sof\u00eda Arias, Fernando Cabello-Astolfi, Teresa Calbo, Rosa Clemente, Alexandra Fierro, Iv\u00e1n Igual Palero, C\u00e9sar Jim\u00e9nez, Antonio Lobo, Carlos Manzano, Lola Mart\u00ednez, Papartus, Adri\u00e1n Piera, Eduardo Rivero, In\u00e9s Rodr\u00edguez Sampedro, Eva Ruizand Juan Manuel S\u00e1nchez.<\/p><\/div>\n<p>[\/vc_column_text][\/vc_column][\/vc_row]<\/p>\n","protected":false},"excerpt":{"rendered":"<p>[vc_row middle_content=&#8221;yes&#8221; section_id=&#8221;home-arriba&#8221;][vc_column width=&#8221;1\/2&#8243;][vc_column_text] Daniel Silvo Galer\u00eda Nueva director [\/vc_column_text][vc_column_text] Gerard Zamora Jim\u00e9nez team management and coordination[\/vc_column_text][vc_column_text] Carlos Klett &amp; Samuel Ramiro Production and assembly [\/vc_column_text][vc_column_text] Ornella P. Belvedere Events and activities [\/vc_column_text][vc_column_text] Ornella P. Belvedere Events and activities [\/vc_column_text][\/vc_column][\/vc_row][vc_row middle_content=&#8221;yes&#8221; section_id=&#8221;home-arriba&#8221;][vc_column width=&#8221;1\/2&#8243;][vc_column_text] Board [\/vc_column_text][\/vc_column][vc_column width=&#8221;1\/2&#8243;][vc_column_text] Alejandra Arias, Sof\u00eda Arias, Fernando Cabello-Astolfi, Teresa Calbo, Rosa [&hellip;]<\/p>\n","protected":false},"author":1,"featured_media":0,"parent":0,"menu_order":0,"comment_status":"open","ping_status":"closed","template":"","meta":[],"yoast_head":"<!-- This site is optimized with the Yoast SEO plugin v18.4.1 - https:\/\/yoast.com\/wordpress\/plugins\/seo\/ -->\n<title>Who we are &mdash; Galer\u00eda Nueva<\/title>\n<meta name=\"description\" content=\"Daniel Silvo creates Galer\u00eda Nueva in 2020, with headquarters in Calle Doctor Fourquet in Madrid. Alexia Mossay joins the project in 2022 at the head of a new branch in the Las Letras district. In November 2023, the Carabanchel branch was open, with six spaces available in different sizes to suit the needs of each gallery. In October 2024, under the direction of Letma F\u00e9lix Flores, the Mexico City branch is inaugurated, and two months later GN Atocha, located on Valencia street in Madrid, is inaugurated.\" \/>\n<meta name=\"robots\" content=\"index, follow, max-snippet:-1, max-image-preview:large, max-video-preview:-1\" \/>\n<link rel=\"canonical\" href=\"https:\/\/galerianueva.com\/en\/quienes-somos\/\" \/>\n<meta property=\"og:locale\" content=\"en_US\" \/>\n<meta property=\"og:type\" content=\"article\" \/>\n<meta property=\"og:title\" content=\"Qui\u00e9nes somos en Galer\u00eda Nueva\" \/>\n<meta property=\"og:description\" content=\"Daniel Silvo. En 2015 funda Atelier Solar, asociaci\u00f3n sin \u00e1nimo de lucro que presta servicio a artistas y comisarios de exposiciones...\" \/>\n<meta property=\"og:url\" content=\"https:\/\/galerianueva.com\/en\/quienes-somos\/\" \/>\n<meta property=\"og:site_name\" content=\"Galer\u00eda Nueva\" \/>\n<meta property=\"article:modified_time\" content=\"2025-05-05T11:44:59+00:00\" \/>\n<meta property=\"og:image\" content=\"https:\/\/galerianueva.com\/wp-content\/uploads\/2019\/12\/GN-quienesomos-seo.png\" \/>\n\t<meta property=\"og:image:width\" content=\"774\" \/>\n\t<meta property=\"og:image:height\" content=\"394\" \/>\n\t<meta property=\"og:image:type\" content=\"image\/png\" \/>\n<meta name=\"twitter:card\" content=\"summary_large_image\" \/>\n<meta name=\"twitter:label1\" content=\"Est. reading time\" \/>\n\t<meta name=\"twitter:data1\" content=\"1 minute\" \/>\n<script type=\"application\/ld+json\" class=\"yoast-schema-graph\">{\"@context\":\"https:\/\/schema.org\",\"@graph\":[{\"@type\":\"Organization\",\"@id\":\"https:\/\/galerianueva.com\/#organization\",\"name\":\"Galer\u00eda Nueva\",\"url\":\"https:\/\/galerianueva.com\/\",\"sameAs\":[],\"logo\":{\"@type\":\"ImageObject\",\"@id\":\"https:\/\/galerianueva.com\/#logo\",\"inLanguage\":\"en-US\",\"url\":\"http:\/\/galerianueva.com\/wp-content\/uploads\/2019\/11\/gn-logo-sin.png\",\"contentUrl\":\"http:\/\/galerianueva.com\/wp-content\/uploads\/2019\/11\/gn-logo-sin.png\",\"width\":150,\"height\":152,\"caption\":\"Galer\u00eda Nueva\"},\"image\":{\"@id\":\"https:\/\/galerianueva.com\/#logo\"}},{\"@type\":\"WebSite\",\"@id\":\"https:\/\/galerianueva.com\/#website\",\"url\":\"https:\/\/galerianueva.com\/\",\"name\":\"Galer\u00eda Nueva\",\"description\":\"Una galer\u00eda para galer\u00edas\",\"publisher\":{\"@id\":\"https:\/\/galerianueva.com\/#organization\"},\"potentialAction\":[{\"@type\":\"SearchAction\",\"target\":{\"@type\":\"EntryPoint\",\"urlTemplate\":\"https:\/\/galerianueva.com\/?s={search_term_string}\"},\"query-input\":\"required name=search_term_string\"}],\"inLanguage\":\"en-US\"},{\"@type\":\"ImageObject\",\"@id\":\"https:\/\/galerianueva.com\/en\/quienes-somos\/#primaryimage\",\"inLanguage\":\"en-US\",\"url\":\"https:\/\/galerianueva.com\/wp-content\/uploads\/2019\/12\/GN-quienesomos-seo.png\",\"contentUrl\":\"https:\/\/galerianueva.com\/wp-content\/uploads\/2019\/12\/GN-quienesomos-seo.png\",\"width\":774,\"height\":394},{\"@type\":\"WebPage\",\"@id\":\"https:\/\/galerianueva.com\/en\/quienes-somos\/#webpage\",\"url\":\"https:\/\/galerianueva.com\/en\/quienes-somos\/\",\"name\":\"Who we are &mdash; Galer\u00eda Nueva\",\"isPartOf\":{\"@id\":\"https:\/\/galerianueva.com\/#website\"},\"datePublished\":\"2019-11-29T09:23:34+00:00\",\"dateModified\":\"2025-05-05T11:44:59+00:00\",\"description\":\"Daniel Silvo creates Galer\u00eda Nueva in 2020, with headquarters in Calle Doctor Fourquet in Madrid. Alexia Mossay joins the project in 2022 at the head of a new branch in the Las Letras district. In November 2023, the Carabanchel branch was open, with six spaces available in different sizes to suit the needs of each gallery. In October 2024, under the direction of Letma F\u00e9lix Flores, the Mexico City branch is inaugurated, and two months later GN Atocha, located on Valencia street in Madrid, is inaugurated.\",\"breadcrumb\":{\"@id\":\"https:\/\/galerianueva.com\/en\/quienes-somos\/#breadcrumb\"},\"inLanguage\":\"en-US\",\"potentialAction\":[{\"@type\":\"ReadAction\",\"target\":[\"https:\/\/galerianueva.com\/en\/quienes-somos\/\"]}]},{\"@type\":\"BreadcrumbList\",\"@id\":\"https:\/\/galerianueva.com\/en\/quienes-somos\/#breadcrumb\",\"itemListElement\":[{\"@type\":\"ListItem\",\"position\":1,\"name\":\"Portada\",\"item\":\"https:\/\/galerianueva.com\/en\/\"},{\"@type\":\"ListItem\",\"position\":2,\"name\":\"Who we are\"}]}]}<\/script>\n<!-- \/ Yoast SEO plugin. -->","yoast_head_json":{"title":"Who we are &mdash; Galer\u00eda Nueva","description":"Daniel Silvo creates Galer\u00eda Nueva in 2020, with headquarters in Calle Doctor Fourquet in Madrid. Alexia Mossay joins the project in 2022 at the head of a new branch in the Las Letras district. In November 2023, the Carabanchel branch was open, with six spaces available in different sizes to suit the needs of each gallery. In October 2024, under the direction of Letma F\u00e9lix Flores, the Mexico City branch is inaugurated, and two months later GN Atocha, located on Valencia street in Madrid, is inaugurated.","robots":{"index":"index","follow":"follow","max-snippet":"max-snippet:-1","max-image-preview":"max-image-preview:large","max-video-preview":"max-video-preview:-1"},"canonical":"https:\/\/galerianueva.com\/en\/quienes-somos\/","og_locale":"en_US","og_type":"article","og_title":"Qui\u00e9nes somos en Galer\u00eda Nueva","og_description":"Daniel Silvo. En 2015 funda Atelier Solar, asociaci\u00f3n sin \u00e1nimo de lucro que presta servicio a artistas y comisarios de exposiciones...","og_url":"https:\/\/galerianueva.com\/en\/quienes-somos\/","og_site_name":"Galer\u00eda Nueva","article_modified_time":"2025-05-05T11:44:59+00:00","og_image":[{"width":774,"height":394,"url":"https:\/\/galerianueva.com\/wp-content\/uploads\/2019\/12\/GN-quienesomos-seo.png","type":"image\/png"}],"twitter_card":"summary_large_image","twitter_misc":{"Est. reading time":"1 minute"},"schema":{"@context":"https:\/\/schema.org","@graph":[{"@type":"Organization","@id":"https:\/\/galerianueva.com\/#organization","name":"Galer\u00eda Nueva","url":"https:\/\/galerianueva.com\/","sameAs":[],"logo":{"@type":"ImageObject","@id":"https:\/\/galerianueva.com\/#logo","inLanguage":"en-US","url":"http:\/\/galerianueva.com\/wp-content\/uploads\/2019\/11\/gn-logo-sin.png","contentUrl":"http:\/\/galerianueva.com\/wp-content\/uploads\/2019\/11\/gn-logo-sin.png","width":150,"height":152,"caption":"Galer\u00eda Nueva"},"image":{"@id":"https:\/\/galerianueva.com\/#logo"}},{"@type":"WebSite","@id":"https:\/\/galerianueva.com\/#website","url":"https:\/\/galerianueva.com\/","name":"Galer\u00eda Nueva","description":"Una galer\u00eda para galer\u00edas","publisher":{"@id":"https:\/\/galerianueva.com\/#organization"},"potentialAction":[{"@type":"SearchAction","target":{"@type":"EntryPoint","urlTemplate":"https:\/\/galerianueva.com\/?s={search_term_string}"},"query-input":"required name=search_term_string"}],"inLanguage":"en-US"},{"@type":"ImageObject","@id":"https:\/\/galerianueva.com\/en\/quienes-somos\/#primaryimage","inLanguage":"en-US","url":"https:\/\/galerianueva.com\/wp-content\/uploads\/2019\/12\/GN-quienesomos-seo.png","contentUrl":"https:\/\/galerianueva.com\/wp-content\/uploads\/2019\/12\/GN-quienesomos-seo.png","width":774,"height":394},{"@type":"WebPage","@id":"https:\/\/galerianueva.com\/en\/quienes-somos\/#webpage","url":"https:\/\/galerianueva.com\/en\/quienes-somos\/","name":"Who we are &mdash; Galer\u00eda Nueva","isPartOf":{"@id":"https:\/\/galerianueva.com\/#website"},"datePublished":"2019-11-29T09:23:34+00:00","dateModified":"2025-05-05T11:44:59+00:00","description":"Daniel Silvo creates Galer\u00eda Nueva in 2020, with headquarters in Calle Doctor Fourquet in Madrid. Alexia Mossay joins the project in 2022 at the head of a new branch in the Las Letras district. In November 2023, the Carabanchel branch was open, with six spaces available in different sizes to suit the needs of each gallery. In October 2024, under the direction of Letma F\u00e9lix Flores, the Mexico City branch is inaugurated, and two months later GN Atocha, located on Valencia street in Madrid, is inaugurated.","breadcrumb":{"@id":"https:\/\/galerianueva.com\/en\/quienes-somos\/#breadcrumb"},"inLanguage":"en-US","potentialAction":[{"@type":"ReadAction","target":["https:\/\/galerianueva.com\/en\/quienes-somos\/"]}]},{"@type":"BreadcrumbList","@id":"https:\/\/galerianueva.com\/en\/quienes-somos\/#breadcrumb","itemListElement":[{"@type":"ListItem","position":1,"name":"Portada","item":"https:\/\/galerianueva.com\/en\/"},{"@type":"ListItem","position":2,"name":"Who we are"}]}]}},"_links":{"self":[{"href":"https:\/\/galerianueva.com\/en\/wp-json\/wp\/v2\/pages\/3978"}],"collection":[{"href":"https:\/\/galerianueva.com\/en\/wp-json\/wp\/v2\/pages"}],"about":[{"href":"https:\/\/galerianueva.com\/en\/wp-json\/wp\/v2\/types\/page"}],"author":[{"embeddable":true,"href":"https:\/\/galerianueva.com\/en\/wp-json\/wp\/v2\/users\/1"}],"replies":[{"embeddable":true,"href":"https:\/\/galerianueva.com\/en\/wp-json\/wp\/v2\/comments?post=3978"}],"version-history":[{"count":13,"href":"https:\/\/galerianueva.com\/en\/wp-json\/wp\/v2\/pages\/3978\/revisions"}],"predecessor-version":[{"id":7021,"href":"https:\/\/galerianueva.com\/en\/wp-json\/wp\/v2\/pages\/3978\/revisions\/7021"}],"wp:attachment":[{"href":"https:\/\/galerianueva.com\/en\/wp-json\/wp\/v2\/media?parent=3978"}],"curies":[{"name":"wp","href":"https:\/\/api.w.org\/{rel}","templated":true}]}}