{"id":6374,"date":"2024-12-05T17:56:51","date_gmt":"2024-12-05T17:56:51","guid":{"rendered":"https:\/\/galerianueva.com\/?page_id=6374\/"},"modified":"2024-12-07T11:05:49","modified_gmt":"2024-12-07T11:05:49","slug":"exhibitors-atocha","status":"publish","type":"page","link":"https:\/\/galerianueva.com\/en\/exhibitors-atocha\/","title":{"rendered":"Exhibitors Atocha"},"content":{"rendered":"<p>[vc_row][vc_column]\t\t\t<div class=\"grve-element grve-portfolio grve-isotope\" style=\"\" data-gutter=\"yes\" data-spinner=\"no\" data-type=\"2-columns\" data-layout=\"fitRows\">\r\n\t\t\r\n\t\t\t<div class=\"grve-isotope-container\">\r\n\t\t\t\t\t\t\t<article id=\"portfolio-7405-69e342601b7b8\" class=\"grve-isotope-item grve-portfolio-item  post-7405 portfolio type-portfolio status-publish has-post-thumbnail hentry portfolio_category-actual-atocha-en portfolio_category-atocha-en\">\r\n\t\t\t\t\t\t\t\t\t\t\t\t\t\t\t\t\t\t<a href=\"https:\/\/galerianueva.com\/en\/expositores\/pla-art-agency-presenta-un-jardin-seis-pulsiones\/\">\r\n\t\t\t\t\t\t\t\t\t\t\t<figure class=\"grve-hover-style-1 grve-image-hover grve-zoom-none grve-primary-2\">\r\n\t\t\t\t\t\t\t\t\t\t\t\t\t\t\t\t<div class=\"grve-media grve-primary-2-overlay grve-opacity-60\">\r\n\t\t\t\t\t\t\t\t\t<img width=\"560\" height=\"560\" src=\"https:\/\/galerianueva.com\/wp-content\/uploads\/2026\/03\/Obra-Entre-suenos-me-desperte-2-Alfonso-Reyes-560x560.jpg\" class=\"attachment-grve-image-small-square size-grve-image-small-square\" alt=\"\" loading=\"lazy\" srcset=\"https:\/\/galerianueva.com\/wp-content\/uploads\/2026\/03\/Obra-Entre-suenos-me-desperte-2-Alfonso-Reyes-560x560.jpg 560w, https:\/\/galerianueva.com\/wp-content\/uploads\/2026\/03\/Obra-Entre-suenos-me-desperte-2-Alfonso-Reyes-150x150.jpg 150w, https:\/\/galerianueva.com\/wp-content\/uploads\/2026\/03\/Obra-Entre-suenos-me-desperte-2-Alfonso-Reyes-80x80.jpg 80w, https:\/\/galerianueva.com\/wp-content\/uploads\/2026\/03\/Obra-Entre-suenos-me-desperte-2-Alfonso-Reyes-1120x1120.jpg 1120w\" sizes=\"(max-width: 560px) 100vw, 560px\" \/>\t\t\t\t\t\t\t\t<\/div>\r\n\t\t\t\t\t\t\t\t<figcaption>\r\n\t\t\t\t\t\t\t\t\t\t\t\t\t\t\t\t\t\t<h6 class=\"grve-title grve-primary-2\">Pla ART AGENCY:  A Garden, Six Impulses<\/h6>\r\n\t\t\t\t\t\t\t\t\t\t\t\t\t\t\t\t\t\t\t\t\t\t\t\t\t\t\t<span class=\"grve-caption grve-primary-2\">T\u00f6nnheim Gallery<\/span>\r\n\t\t\t\t\t\t\t\t\t\t\t\t\t\t\t\t\t\t\t\t\t\t\t\t\t\t\t<span class=\"grve-portfolio-btns\"><\/span>\r\n\t\t\t\t\t\t\t\t\t\t\t\t\t\t\t\t\t<\/figcaption>\r\n\t\t\t\t\t\t\t<\/figure>\r\n\t\t\t\t\t\t\t<\/a>\t\t\t\t\t\t\t\t\t\t\t\t\t\r\n\t\t\t\t\t<\/article>\r\n\t\t\t\t\t<article id=\"portfolio-7224-69e342601bf43\" class=\"grve-isotope-item grve-portfolio-item  post-7224 portfolio type-portfolio status-publish has-post-thumbnail hentry portfolio_category-actual-atocha-en portfolio_category-atocha-en\">\r\n\t\t\t\t\t\t\t\t\t\t\t\t\t\t\t\t\t\t<a href=\"https:\/\/galerianueva.com\/en\/expositores\/simile-life-as-a-canvas\/\">\r\n\t\t\t\t\t\t\t\t\t\t\t<figure class=\"grve-hover-style-1 grve-image-hover grve-zoom-none grve-primary-2\">\r\n\t\t\t\t\t\t\t\t\t\t\t\t\t\t\t\t<div class=\"grve-media grve-primary-2-overlay grve-opacity-60\">\r\n\t\t\t\t\t\t\t\t\t<img width=\"560\" height=\"560\" src=\"https:\/\/galerianueva.com\/wp-content\/uploads\/2025\/06\/Doble-identidad-972-CMS-de-altura-x-81.3-CMS-de-ancho-560x560.jpg\" class=\"attachment-grve-image-small-square size-grve-image-small-square\" alt=\"\" loading=\"lazy\" srcset=\"https:\/\/galerianueva.com\/wp-content\/uploads\/2025\/06\/Doble-identidad-972-CMS-de-altura-x-81.3-CMS-de-ancho-560x560.jpg 560w, https:\/\/galerianueva.com\/wp-content\/uploads\/2025\/06\/Doble-identidad-972-CMS-de-altura-x-81.3-CMS-de-ancho-150x150.jpg 150w, https:\/\/galerianueva.com\/wp-content\/uploads\/2025\/06\/Doble-identidad-972-CMS-de-altura-x-81.3-CMS-de-ancho-80x80.jpg 80w, https:\/\/galerianueva.com\/wp-content\/uploads\/2025\/06\/Doble-identidad-972-CMS-de-altura-x-81.3-CMS-de-ancho-1120x1120.jpg 1120w\" sizes=\"(max-width: 560px) 100vw, 560px\" \/>\t\t\t\t\t\t\t\t<\/div>\r\n\t\t\t\t\t\t\t\t<figcaption>\r\n\t\t\t\t\t\t\t\t\t\t\t\t\t\t\t\t\t\t<h6 class=\"grve-title grve-primary-2\">Simile: Life as a Canvas<\/h6>\r\n\t\t\t\t\t\t\t\t\t\t\t\t\t\t\t\t\t\t\t\t\t\t\t\t\t\t\t<span class=\"grve-caption grve-primary-2\">VE Contemp<\/span>\r\n\t\t\t\t\t\t\t\t\t\t\t\t\t\t\t\t\t\t\t\t\t\t\t\t\t\t\t<span class=\"grve-portfolio-btns\"><\/span>\r\n\t\t\t\t\t\t\t\t\t\t\t\t\t\t\t\t\t<\/figcaption>\r\n\t\t\t\t\t\t\t<\/figure>\r\n\t\t\t\t\t\t\t<\/a>\t\t\t\t\t\t\t\t\t\t\t\t\t\r\n\t\t\t\t\t<\/article>\r\n\t\t\t\t\t<article id=\"portfolio-7196-69e342601c407\" class=\"grve-isotope-item grve-portfolio-item  post-7196 portfolio type-portfolio status-publish has-post-thumbnail hentry portfolio_category-atocha-en\">\r\n\t\t\t\t\t\t\t\t\t\t\t\t\t\t\t\t\t\t<a href=\"https:\/\/galerianueva.com\/en\/expositores\/all-the-images-will-disappear-curated-by-semiramis-gonzalez-in-festival-off-photoespana\/\">\r\n\t\t\t\t\t\t\t\t\t\t\t<figure class=\"grve-hover-style-1 grve-image-hover grve-zoom-none grve-primary-2\">\r\n\t\t\t\t\t\t\t\t\t\t\t\t\t\t\t\t<div class=\"grve-media grve-primary-2-overlay grve-opacity-60\">\r\n\t\t\t\t\t\t\t\t\t<img width=\"560\" height=\"560\" src=\"https:\/\/galerianueva.com\/wp-content\/uploads\/2025\/05\/jesus-umbria-560x560.jpg\" class=\"attachment-grve-image-small-square size-grve-image-small-square\" alt=\"\" loading=\"lazy\" srcset=\"https:\/\/galerianueva.com\/wp-content\/uploads\/2025\/05\/jesus-umbria-560x560.jpg 560w, https:\/\/galerianueva.com\/wp-content\/uploads\/2025\/05\/jesus-umbria-150x150.jpg 150w, https:\/\/galerianueva.com\/wp-content\/uploads\/2025\/05\/jesus-umbria-80x80.jpg 80w\" sizes=\"(max-width: 560px) 100vw, 560px\" \/>\t\t\t\t\t\t\t\t<\/div>\r\n\t\t\t\t\t\t\t\t<figcaption>\r\n\t\t\t\t\t\t\t\t\t\t\t\t\t\t\t\t\t\t<h6 class=\"grve-title grve-primary-2\">All the images will disappear<\/h6>\r\n\t\t\t\t\t\t\t\t\t\t\t\t\t\t\t\t\t\t\t\t\t\t\t\t\t\t\t<span class=\"grve-caption grve-primary-2\">Festival OFF PhotoEspa\u00f1a<\/span>\r\n\t\t\t\t\t\t\t\t\t\t\t\t\t\t\t\t\t\t\t\t\t\t\t\t\t\t\t<span class=\"grve-portfolio-btns\"><\/span>\r\n\t\t\t\t\t\t\t\t\t\t\t\t\t\t\t\t\t<\/figcaption>\r\n\t\t\t\t\t\t\t<\/figure>\r\n\t\t\t\t\t\t\t<\/a>\t\t\t\t\t\t\t\t\t\t\t\t\t\r\n\t\t\t\t\t<\/article>\r\n\t\t\t\t\t<article id=\"portfolio-6840-69e342601c84d\" class=\"grve-isotope-item grve-portfolio-item  post-6840 portfolio type-portfolio status-publish has-post-thumbnail hentry portfolio_category-atocha-en\">\r\n\t\t\t\t\t\t\t\t\t\t\t\t\t\t\t\t\t\t<a href=\"https:\/\/galerianueva.com\/en\/expositores\/pictorial-reflection\/\">\r\n\t\t\t\t\t\t\t\t\t\t\t<figure class=\"grve-hover-style-1 grve-image-hover grve-zoom-none grve-primary-2\">\r\n\t\t\t\t\t\t\t\t\t\t\t\t\t\t\t\t<div class=\"grve-media grve-primary-2-overlay grve-opacity-60\">\r\n\t\t\t\t\t\t\t\t\t<img width=\"560\" height=\"560\" src=\"https:\/\/galerianueva.com\/wp-content\/uploads\/2025\/04\/Manto-rojo-560x560.jpeg\" class=\"attachment-grve-image-small-square size-grve-image-small-square\" alt=\"\" loading=\"lazy\" srcset=\"https:\/\/galerianueva.com\/wp-content\/uploads\/2025\/04\/Manto-rojo-560x560.jpeg 560w, https:\/\/galerianueva.com\/wp-content\/uploads\/2025\/04\/Manto-rojo-150x150.jpeg 150w, https:\/\/galerianueva.com\/wp-content\/uploads\/2025\/04\/Manto-rojo-80x80.jpeg 80w\" sizes=\"(max-width: 560px) 100vw, 560px\" \/>\t\t\t\t\t\t\t\t<\/div>\r\n\t\t\t\t\t\t\t\t<figcaption>\r\n\t\t\t\t\t\t\t\t\t\t\t\t\t\t\t\t\t\t<h6 class=\"grve-title grve-primary-2\">PICTORIAL REFLECTION. VE-CONTEMP<\/h6>\r\n\t\t\t\t\t\t\t\t\t\t\t\t\t\t\t\t\t\t\t\t\t\t\t\t\t\t\t<span class=\"grve-caption grve-primary-2\">VE-CONTEMP<\/span>\r\n\t\t\t\t\t\t\t\t\t\t\t\t\t\t\t\t\t\t\t\t\t\t\t\t\t\t\t<span class=\"grve-portfolio-btns\"><\/span>\r\n\t\t\t\t\t\t\t\t\t\t\t\t\t\t\t\t\t<\/figcaption>\r\n\t\t\t\t\t\t\t<\/figure>\r\n\t\t\t\t\t\t\t<\/a>\t\t\t\t\t\t\t\t\t\t\t\t\t\r\n\t\t\t\t\t<\/article>\r\n\t\t\t\t\t<article id=\"portfolio-6796-69e342601cd16\" class=\"grve-isotope-item grve-portfolio-item  post-6796 portfolio type-portfolio status-publish has-post-thumbnail hentry portfolio_category-atocha-en\">\r\n\t\t\t\t\t\t\t\t\t\t\t\t\t\t\t\t\t\t<a href=\"https:\/\/galerianueva.com\/en\/expositores\/the-third-landscape\/\">\r\n\t\t\t\t\t\t\t\t\t\t\t<figure class=\"grve-hover-style-1 grve-image-hover grve-zoom-none grve-primary-2\">\r\n\t\t\t\t\t\t\t\t\t\t\t\t\t\t\t\t<div class=\"grve-media grve-primary-2-overlay grve-opacity-60\">\r\n\t\t\t\t\t\t\t\t\t<img width=\"560\" height=\"560\" src=\"https:\/\/galerianueva.com\/wp-content\/uploads\/2025\/03\/mosquera-560x560.jpg\" class=\"attachment-grve-image-small-square size-grve-image-small-square\" alt=\"\" loading=\"lazy\" srcset=\"https:\/\/galerianueva.com\/wp-content\/uploads\/2025\/03\/mosquera-560x560.jpg 560w, https:\/\/galerianueva.com\/wp-content\/uploads\/2025\/03\/mosquera-150x150.jpg 150w, https:\/\/galerianueva.com\/wp-content\/uploads\/2025\/03\/mosquera-80x80.jpg 80w, https:\/\/galerianueva.com\/wp-content\/uploads\/2025\/03\/mosquera-1120x1120.jpg 1120w\" sizes=\"(max-width: 560px) 100vw, 560px\" \/>\t\t\t\t\t\t\t\t<\/div>\r\n\t\t\t\t\t\t\t\t<figcaption>\r\n\t\t\t\t\t\t\t\t\t\t\t\t\t\t\t\t\t\t<h6 class=\"grve-title grve-primary-2\">THE THIRD LANDSCAPE<\/h6>\r\n\t\t\t\t\t\t\t\t\t\t\t\t\t\t\t\t\t\t\t\t\t\t\t\t\t\t\t<span class=\"grve-caption grve-primary-2\">Lapisl\u00e1zuli.Gallery<\/span>\r\n\t\t\t\t\t\t\t\t\t\t\t\t\t\t\t\t\t\t\t\t\t\t\t\t\t\t\t<span class=\"grve-portfolio-btns\"><\/span>\r\n\t\t\t\t\t\t\t\t\t\t\t\t\t\t\t\t\t<\/figcaption>\r\n\t\t\t\t\t\t\t<\/figure>\r\n\t\t\t\t\t\t\t<\/a>\t\t\t\t\t\t\t\t\t\t\t\t\t\r\n\t\t\t\t\t<\/article>\r\n\t\t\t\t\t<article id=\"portfolio-6728-69e342601d6bf\" class=\"grve-isotope-item grve-portfolio-item  post-6728 portfolio type-portfolio status-publish has-post-thumbnail hentry portfolio_category-atocha-en\">\r\n\t\t\t\t\t\t\t\t\t\t\t\t\t\t\t\t\t\t<a href=\"https:\/\/galerianueva.com\/en\/expositores\/sandra-mazoy\/\">\r\n\t\t\t\t\t\t\t\t\t\t\t<figure class=\"grve-hover-style-1 grve-image-hover grve-zoom-none grve-primary-2\">\r\n\t\t\t\t\t\t\t\t\t\t\t\t\t\t\t\t<div class=\"grve-media grve-primary-2-overlay grve-opacity-60\">\r\n\t\t\t\t\t\t\t\t\t<img width=\"560\" height=\"560\" src=\"https:\/\/galerianueva.com\/wp-content\/uploads\/2025\/03\/SM-05-560x560.jpg\" class=\"attachment-grve-image-small-square size-grve-image-small-square\" alt=\"\" loading=\"lazy\" srcset=\"https:\/\/galerianueva.com\/wp-content\/uploads\/2025\/03\/SM-05-560x560.jpg 560w, https:\/\/galerianueva.com\/wp-content\/uploads\/2025\/03\/SM-05-150x150.jpg 150w, https:\/\/galerianueva.com\/wp-content\/uploads\/2025\/03\/SM-05-80x80.jpg 80w\" sizes=\"(max-width: 560px) 100vw, 560px\" \/>\t\t\t\t\t\t\t\t<\/div>\r\n\t\t\t\t\t\t\t\t<figcaption>\r\n\t\t\t\t\t\t\t\t\t\t\t\t\t\t\t\t\t\t<h6 class=\"grve-title grve-primary-2\">The language of light: we are color and form<\/h6>\r\n\t\t\t\t\t\t\t\t\t\t\t\t\t\t\t\t\t\t\t\t\t\t\t\t\t\t\t<span class=\"grve-caption grve-primary-2\">The language of light: we are color and form: somos color y forma<\/span>\r\n\t\t\t\t\t\t\t\t\t\t\t\t\t\t\t\t\t\t\t\t\t\t\t\t\t\t\t<span class=\"grve-portfolio-btns\"><\/span>\r\n\t\t\t\t\t\t\t\t\t\t\t\t\t\t\t\t\t<\/figcaption>\r\n\t\t\t\t\t\t\t<\/figure>\r\n\t\t\t\t\t\t\t<\/a>\t\t\t\t\t\t\t\t\t\t\t\t\t\r\n\t\t\t\t\t<\/article>\r\n\t\t\t\t\t<article id=\"portfolio-6696-69e342601e1e1\" class=\"grve-isotope-item grve-portfolio-item  post-6696 portfolio type-portfolio status-publish has-post-thumbnail hentry portfolio_category-atocha-en portfolio_category-carabanchel-en portfolio_category-gn-carabanchel\">\r\n\t\t\t\t\t\t\t\t\t\t\t\t\t\t\t\t\t\t<a href=\"https:\/\/galerianueva.com\/en\/expositores\/gary-hill\/\">\r\n\t\t\t\t\t\t\t\t\t\t\t<figure class=\"grve-hover-style-1 grve-image-hover grve-zoom-none grve-primary-2\">\r\n\t\t\t\t\t\t\t\t\t\t\t\t\t\t\t\t<div class=\"grve-media grve-primary-2-overlay grve-opacity-60\">\r\n\t\t\t\t\t\t\t\t\t<img width=\"560\" height=\"560\" src=\"https:\/\/galerianueva.com\/wp-content\/uploads\/2025\/03\/IMG-20250227-WA0025-560x560.jpg\" class=\"attachment-grve-image-small-square size-grve-image-small-square\" alt=\"\" loading=\"lazy\" srcset=\"https:\/\/galerianueva.com\/wp-content\/uploads\/2025\/03\/IMG-20250227-WA0025-560x560.jpg 560w, https:\/\/galerianueva.com\/wp-content\/uploads\/2025\/03\/IMG-20250227-WA0025-150x150.jpg 150w, https:\/\/galerianueva.com\/wp-content\/uploads\/2025\/03\/IMG-20250227-WA0025-80x80.jpg 80w, https:\/\/galerianueva.com\/wp-content\/uploads\/2025\/03\/IMG-20250227-WA0025-1120x1120.jpg 1120w\" sizes=\"(max-width: 560px) 100vw, 560px\" \/>\t\t\t\t\t\t\t\t<\/div>\r\n\t\t\t\t\t\t\t\t<figcaption>\r\n\t\t\t\t\t\t\t\t\t\t\t\t\t\t\t\t\t\t<h6 class=\"grve-title grve-primary-2\">Gary Hill<\/h6>\r\n\t\t\t\t\t\t\t\t\t\t\t\t\t\t\t\t\t\t\t\t\t\t\t\t\t\t\t<span class=\"grve-caption grve-primary-2\">OBLIQUO<\/span>\r\n\t\t\t\t\t\t\t\t\t\t\t\t\t\t\t\t\t\t\t\t\t\t\t\t\t\t\t<span class=\"grve-portfolio-btns\"><\/span>\r\n\t\t\t\t\t\t\t\t\t\t\t\t\t\t\t\t\t<\/figcaption>\r\n\t\t\t\t\t\t\t<\/figure>\r\n\t\t\t\t\t\t\t<\/a>\t\t\t\t\t\t\t\t\t\t\t\t\t\r\n\t\t\t\t\t<\/article>\r\n\t\t\t\t\t<article id=\"portfolio-6652-69e342601ecc6\" class=\"grve-isotope-item grve-portfolio-item  post-6652 portfolio type-portfolio status-publish has-post-thumbnail hentry portfolio_category-atocha-en\">\r\n\t\t\t\t\t\t\t\t\t\t\t\t\t\t\t\t\t\t<a href=\"https:\/\/galerianueva.com\/en\/expositores\/mashita-a-rye-ehewe-galeria-airas-wang-de-lafee-awl\/\">\r\n\t\t\t\t\t\t\t\t\t\t\t<figure class=\"grve-hover-style-1 grve-image-hover grve-zoom-none grve-primary-2\">\r\n\t\t\t\t\t\t\t\t\t\t\t\t\t\t\t\t<div class=\"grve-media grve-primary-2-overlay grve-opacity-60\">\r\n\t\t\t\t\t\t\t\t\t<img width=\"560\" height=\"560\" src=\"https:\/\/galerianueva.com\/wp-content\/uploads\/2025\/02\/Mashita-a-Rye-Ehewe--560x560.jpg\" class=\"attachment-grve-image-small-square size-grve-image-small-square\" alt=\"\" loading=\"lazy\" srcset=\"https:\/\/galerianueva.com\/wp-content\/uploads\/2025\/02\/Mashita-a-Rye-Ehewe--560x560.jpg 560w, https:\/\/galerianueva.com\/wp-content\/uploads\/2025\/02\/Mashita-a-Rye-Ehewe--300x300.jpg 300w, https:\/\/galerianueva.com\/wp-content\/uploads\/2025\/02\/Mashita-a-Rye-Ehewe--1024x1024.jpg 1024w, https:\/\/galerianueva.com\/wp-content\/uploads\/2025\/02\/Mashita-a-Rye-Ehewe--150x150.jpg 150w, https:\/\/galerianueva.com\/wp-content\/uploads\/2025\/02\/Mashita-a-Rye-Ehewe--768x768.jpg 768w, https:\/\/galerianueva.com\/wp-content\/uploads\/2025\/02\/Mashita-a-Rye-Ehewe--1536x1536.jpg 1536w, https:\/\/galerianueva.com\/wp-content\/uploads\/2025\/02\/Mashita-a-Rye-Ehewe--80x80.jpg 80w, https:\/\/galerianueva.com\/wp-content\/uploads\/2025\/02\/Mashita-a-Rye-Ehewe--1120x1120.jpg 1120w, https:\/\/galerianueva.com\/wp-content\/uploads\/2025\/02\/Mashita-a-Rye-Ehewe--1920x1920.jpg 1920w\" sizes=\"(max-width: 560px) 100vw, 560px\" \/>\t\t\t\t\t\t\t\t<\/div>\r\n\t\t\t\t\t\t\t\t<figcaption>\r\n\t\t\t\t\t\t\t\t\t\t\t\t\t\t\t\t\t\t<h6 class=\"grve-title grve-primary-2\">MASHITA A RYE EHEWE<\/h6>\r\n\t\t\t\t\t\t\t\t\t\t\t\t\t\t\t\t\t\t\t\t\t\t\t\t\t\t\t<span class=\"grve-caption grve-primary-2\"> Galer\u00eda Airas Wang de Laf\u00e9e (AWL)<\/span>\r\n\t\t\t\t\t\t\t\t\t\t\t\t\t\t\t\t\t\t\t\t\t\t\t\t\t\t\t<span class=\"grve-portfolio-btns\"><\/span>\r\n\t\t\t\t\t\t\t\t\t\t\t\t\t\t\t\t\t<\/figcaption>\r\n\t\t\t\t\t\t\t<\/figure>\r\n\t\t\t\t\t\t\t<\/a>\t\t\t\t\t\t\t\t\t\t\t\t\t\r\n\t\t\t\t\t<\/article>\r\n\t\t\t\t\t<article id=\"portfolio-6486-69e342601f706\" class=\"grve-isotope-item grve-portfolio-item  post-6486 portfolio type-portfolio status-publish has-post-thumbnail hentry portfolio_category-atocha-en\">\r\n\t\t\t\t\t\t\t\t\t\t\t\t\t\t\t\t\t\t<a href=\"https:\/\/galerianueva.com\/en\/expositores\/trajectories-galeria-arteria\/\">\r\n\t\t\t\t\t\t\t\t\t\t\t<figure class=\"grve-hover-style-1 grve-image-hover grve-zoom-none grve-primary-2\">\r\n\t\t\t\t\t\t\t\t\t\t\t\t\t\t\t\t<div class=\"grve-media grve-primary-2-overlay grve-opacity-60\">\r\n\t\t\t\t\t\t\t\t\t<img width=\"560\" height=\"560\" src=\"https:\/\/galerianueva.com\/wp-content\/uploads\/2024\/12\/johana-mattei-2-560x560.jpg\" class=\"attachment-grve-image-small-square size-grve-image-small-square\" alt=\"\" loading=\"lazy\" srcset=\"https:\/\/galerianueva.com\/wp-content\/uploads\/2024\/12\/johana-mattei-2-560x560.jpg 560w, https:\/\/galerianueva.com\/wp-content\/uploads\/2024\/12\/johana-mattei-2-300x300.jpg 300w, https:\/\/galerianueva.com\/wp-content\/uploads\/2024\/12\/johana-mattei-2-1024x1024.jpg 1024w, https:\/\/galerianueva.com\/wp-content\/uploads\/2024\/12\/johana-mattei-2-150x150.jpg 150w, https:\/\/galerianueva.com\/wp-content\/uploads\/2024\/12\/johana-mattei-2-768x768.jpg 768w, https:\/\/galerianueva.com\/wp-content\/uploads\/2024\/12\/johana-mattei-2-1536x1536.jpg 1536w, https:\/\/galerianueva.com\/wp-content\/uploads\/2024\/12\/johana-mattei-2-80x80.jpg 80w, https:\/\/galerianueva.com\/wp-content\/uploads\/2024\/12\/johana-mattei-2-1120x1120.jpg 1120w, https:\/\/galerianueva.com\/wp-content\/uploads\/2024\/12\/johana-mattei-2-1920x1920.jpg 1920w\" sizes=\"(max-width: 560px) 100vw, 560px\" \/>\t\t\t\t\t\t\t\t<\/div>\r\n\t\t\t\t\t\t\t\t<figcaption>\r\n\t\t\t\t\t\t\t\t\t\t\t\t\t\t\t\t\t\t<h6 class=\"grve-title grve-primary-2\">Trajectories<\/h6>\r\n\t\t\t\t\t\t\t\t\t\t\t\t\t\t\t\t\t\t\t\t\t\t\t\t\t\t\t<span class=\"grve-caption grve-primary-2\">Galer\u00eda Arteria<\/span>\r\n\t\t\t\t\t\t\t\t\t\t\t\t\t\t\t\t\t\t\t\t\t\t\t\t\t\t\t<span class=\"grve-portfolio-btns\"><\/span>\r\n\t\t\t\t\t\t\t\t\t\t\t\t\t\t\t\t\t<\/figcaption>\r\n\t\t\t\t\t\t\t<\/figure>\r\n\t\t\t\t\t\t\t<\/a>\t\t\t\t\t\t\t\t\t\t\t\t\t\r\n\t\t\t\t\t<\/article>\r\n\t\t\t\t\t<article id=\"portfolio-6444-69e3426020166\" class=\"grve-isotope-item grve-portfolio-item  post-6444 portfolio type-portfolio status-publish has-post-thumbnail hentry portfolio_category-atocha-en\">\r\n\t\t\t\t\t\t\t\t\t\t\t\t\t\t\t\t\t\t<a href=\"https:\/\/galerianueva.com\/en\/expositores\/from-the-heart\/\">\r\n\t\t\t\t\t\t\t\t\t\t\t<figure class=\"grve-hover-style-1 grve-image-hover grve-zoom-none grve-primary-2\">\r\n\t\t\t\t\t\t\t\t\t\t\t\t\t\t\t\t<div class=\"grve-media grve-primary-2-overlay grve-opacity-60\">\r\n\t\t\t\t\t\t\t\t\t<img width=\"560\" height=\"560\" src=\"https:\/\/galerianueva.com\/wp-content\/uploads\/2024\/12\/538106778940866869-560x560.jpg\" class=\"attachment-grve-image-small-square size-grve-image-small-square\" alt=\"\" loading=\"lazy\" srcset=\"https:\/\/galerianueva.com\/wp-content\/uploads\/2024\/12\/538106778940866869-560x560.jpg 560w, https:\/\/galerianueva.com\/wp-content\/uploads\/2024\/12\/538106778940866869-150x150.jpg 150w, https:\/\/galerianueva.com\/wp-content\/uploads\/2024\/12\/538106778940866869-80x80.jpg 80w\" sizes=\"(max-width: 560px) 100vw, 560px\" \/>\t\t\t\t\t\t\t\t<\/div>\r\n\t\t\t\t\t\t\t\t<figcaption>\r\n\t\t\t\t\t\t\t\t\t\t\t\t\t\t\t\t\t\t<h6 class=\"grve-title grve-primary-2\">From the heart<\/h6>\r\n\t\t\t\t\t\t\t\t\t\t\t\t\t\t\t\t\t\t\t\t\t\t\t\t\t\t\t<span class=\"grve-caption grve-primary-2\">\u7530\u4e2d\u8302<\/span>\r\n\t\t\t\t\t\t\t\t\t\t\t\t\t\t\t\t\t\t\t\t\t\t\t\t\t\t\t<span class=\"grve-portfolio-btns\"><\/span>\r\n\t\t\t\t\t\t\t\t\t\t\t\t\t\t\t\t\t<\/figcaption>\r\n\t\t\t\t\t\t\t<\/figure>\r\n\t\t\t\t\t\t\t<\/a>\t\t\t\t\t\t\t\t\t\t\t\t\t\r\n\t\t\t\t\t<\/article>\r\n\t\t\t\t<\/div>\r\n\t\t\t<\/div>\r\n\r\n\t\t[\/vc_column][\/vc_row]<\/p>\n","protected":false},"excerpt":{"rendered":"<p>[vc_row][vc_column][\/vc_column][\/vc_row]<\/p>\n","protected":false},"author":1,"featured_media":0,"parent":0,"menu_order":10,"comment_status":"open","ping_status":"closed","template":"","meta":[],"yoast_head":"<!-- This site is optimized with the Yoast SEO plugin v18.4.1 - https:\/\/yoast.com\/wordpress\/plugins\/seo\/ -->\n<title>Exhibitors Atocha &mdash; Galer\u00eda Nueva<\/title>\n<meta name=\"description\" content=\"Galerias que han pasado por nuestro espacio\" \/>\n<meta name=\"robots\" content=\"index, follow, max-snippet:-1, max-image-preview:large, max-video-preview:-1\" \/>\n<link rel=\"canonical\" href=\"https:\/\/galerianueva.com\/en\/exhibitors-atocha\/\" \/>\n<meta property=\"og:locale\" content=\"en_US\" \/>\n<meta property=\"og:type\" content=\"article\" \/>\n<meta property=\"og:title\" content=\"Exhibitors Atocha &mdash; Galer\u00eda Nueva\" \/>\n<meta property=\"og:description\" content=\"Galerias que han pasado por nuestro espacio\" \/>\n<meta property=\"og:url\" content=\"https:\/\/galerianueva.com\/en\/exhibitors-atocha\/\" \/>\n<meta property=\"og:site_name\" content=\"Galer\u00eda Nueva\" \/>\n<meta property=\"article:modified_time\" content=\"2024-12-07T11:05:49+00:00\" \/>\n<meta property=\"og:image\" content=\"https:\/\/galerianueva.com\/wp-content\/uploads\/2019\/12\/GN-galerias.png\" \/>\n\t<meta property=\"og:image:width\" content=\"773\" \/>\n\t<meta property=\"og:image:height\" content=\"385\" \/>\n\t<meta property=\"og:image:type\" content=\"image\/png\" \/>\n<meta name=\"twitter:card\" content=\"summary_large_image\" \/>\n<meta name=\"twitter:label1\" content=\"Est. reading time\" \/>\n\t<meta name=\"twitter:data1\" content=\"1 minute\" \/>\n<script type=\"application\/ld+json\" class=\"yoast-schema-graph\">{\"@context\":\"https:\/\/schema.org\",\"@graph\":[{\"@type\":\"Organization\",\"@id\":\"https:\/\/galerianueva.com\/#organization\",\"name\":\"Galer\u00eda Nueva\",\"url\":\"https:\/\/galerianueva.com\/\",\"sameAs\":[],\"logo\":{\"@type\":\"ImageObject\",\"@id\":\"https:\/\/galerianueva.com\/#logo\",\"inLanguage\":\"en-US\",\"url\":\"http:\/\/galerianueva.com\/wp-content\/uploads\/2019\/11\/gn-logo-sin.png\",\"contentUrl\":\"http:\/\/galerianueva.com\/wp-content\/uploads\/2019\/11\/gn-logo-sin.png\",\"width\":150,\"height\":152,\"caption\":\"Galer\u00eda Nueva\"},\"image\":{\"@id\":\"https:\/\/galerianueva.com\/#logo\"}},{\"@type\":\"WebSite\",\"@id\":\"https:\/\/galerianueva.com\/#website\",\"url\":\"https:\/\/galerianueva.com\/\",\"name\":\"Galer\u00eda Nueva\",\"description\":\"Una galer\u00eda para galer\u00edas\",\"publisher\":{\"@id\":\"https:\/\/galerianueva.com\/#organization\"},\"potentialAction\":[{\"@type\":\"SearchAction\",\"target\":{\"@type\":\"EntryPoint\",\"urlTemplate\":\"https:\/\/galerianueva.com\/?s={search_term_string}\"},\"query-input\":\"required name=search_term_string\"}],\"inLanguage\":\"en-US\"},{\"@type\":\"ImageObject\",\"@id\":\"https:\/\/galerianueva.com\/en\/exhibitors-atocha\/#primaryimage\",\"inLanguage\":\"en-US\",\"url\":\"https:\/\/galerianueva.com\/wp-content\/uploads\/2019\/12\/GN-galerias.png\",\"contentUrl\":\"https:\/\/galerianueva.com\/wp-content\/uploads\/2019\/12\/GN-galerias.png\",\"width\":773,\"height\":385},{\"@type\":\"WebPage\",\"@id\":\"https:\/\/galerianueva.com\/en\/exhibitors-atocha\/#webpage\",\"url\":\"https:\/\/galerianueva.com\/en\/exhibitors-atocha\/\",\"name\":\"Exhibitors Atocha &mdash; Galer\u00eda Nueva\",\"isPartOf\":{\"@id\":\"https:\/\/galerianueva.com\/#website\"},\"datePublished\":\"2024-12-05T17:56:51+00:00\",\"dateModified\":\"2024-12-07T11:05:49+00:00\",\"description\":\"Galerias que han pasado por nuestro espacio\",\"breadcrumb\":{\"@id\":\"https:\/\/galerianueva.com\/en\/exhibitors-atocha\/#breadcrumb\"},\"inLanguage\":\"en-US\",\"potentialAction\":[{\"@type\":\"ReadAction\",\"target\":[\"https:\/\/galerianueva.com\/en\/exhibitors-atocha\/\"]}]},{\"@type\":\"BreadcrumbList\",\"@id\":\"https:\/\/galerianueva.com\/en\/exhibitors-atocha\/#breadcrumb\",\"itemListElement\":[{\"@type\":\"ListItem\",\"position\":1,\"name\":\"Portada\",\"item\":\"https:\/\/galerianueva.com\/en\/\"},{\"@type\":\"ListItem\",\"position\":2,\"name\":\"Exhibitors Atocha\"}]}]}<\/script>\n<!-- \/ Yoast SEO plugin. -->","yoast_head_json":{"title":"Exhibitors Atocha &mdash; Galer\u00eda Nueva","description":"Galerias que han pasado por nuestro espacio","robots":{"index":"index","follow":"follow","max-snippet":"max-snippet:-1","max-image-preview":"max-image-preview:large","max-video-preview":"max-video-preview:-1"},"canonical":"https:\/\/galerianueva.com\/en\/exhibitors-atocha\/","og_locale":"en_US","og_type":"article","og_title":"Exhibitors Atocha &mdash; Galer\u00eda Nueva","og_description":"Galerias que han pasado por nuestro espacio","og_url":"https:\/\/galerianueva.com\/en\/exhibitors-atocha\/","og_site_name":"Galer\u00eda Nueva","article_modified_time":"2024-12-07T11:05:49+00:00","og_image":[{"width":773,"height":385,"url":"https:\/\/galerianueva.com\/wp-content\/uploads\/2019\/12\/GN-galerias.png","type":"image\/png"}],"twitter_card":"summary_large_image","twitter_misc":{"Est. reading time":"1 minute"},"schema":{"@context":"https:\/\/schema.org","@graph":[{"@type":"Organization","@id":"https:\/\/galerianueva.com\/#organization","name":"Galer\u00eda Nueva","url":"https:\/\/galerianueva.com\/","sameAs":[],"logo":{"@type":"ImageObject","@id":"https:\/\/galerianueva.com\/#logo","inLanguage":"en-US","url":"http:\/\/galerianueva.com\/wp-content\/uploads\/2019\/11\/gn-logo-sin.png","contentUrl":"http:\/\/galerianueva.com\/wp-content\/uploads\/2019\/11\/gn-logo-sin.png","width":150,"height":152,"caption":"Galer\u00eda Nueva"},"image":{"@id":"https:\/\/galerianueva.com\/#logo"}},{"@type":"WebSite","@id":"https:\/\/galerianueva.com\/#website","url":"https:\/\/galerianueva.com\/","name":"Galer\u00eda Nueva","description":"Una galer\u00eda para galer\u00edas","publisher":{"@id":"https:\/\/galerianueva.com\/#organization"},"potentialAction":[{"@type":"SearchAction","target":{"@type":"EntryPoint","urlTemplate":"https:\/\/galerianueva.com\/?s={search_term_string}"},"query-input":"required name=search_term_string"}],"inLanguage":"en-US"},{"@type":"ImageObject","@id":"https:\/\/galerianueva.com\/en\/exhibitors-atocha\/#primaryimage","inLanguage":"en-US","url":"https:\/\/galerianueva.com\/wp-content\/uploads\/2019\/12\/GN-galerias.png","contentUrl":"https:\/\/galerianueva.com\/wp-content\/uploads\/2019\/12\/GN-galerias.png","width":773,"height":385},{"@type":"WebPage","@id":"https:\/\/galerianueva.com\/en\/exhibitors-atocha\/#webpage","url":"https:\/\/galerianueva.com\/en\/exhibitors-atocha\/","name":"Exhibitors Atocha &mdash; Galer\u00eda Nueva","isPartOf":{"@id":"https:\/\/galerianueva.com\/#website"},"datePublished":"2024-12-05T17:56:51+00:00","dateModified":"2024-12-07T11:05:49+00:00","description":"Galerias que han pasado por nuestro espacio","breadcrumb":{"@id":"https:\/\/galerianueva.com\/en\/exhibitors-atocha\/#breadcrumb"},"inLanguage":"en-US","potentialAction":[{"@type":"ReadAction","target":["https:\/\/galerianueva.com\/en\/exhibitors-atocha\/"]}]},{"@type":"BreadcrumbList","@id":"https:\/\/galerianueva.com\/en\/exhibitors-atocha\/#breadcrumb","itemListElement":[{"@type":"ListItem","position":1,"name":"Portada","item":"https:\/\/galerianueva.com\/en\/"},{"@type":"ListItem","position":2,"name":"Exhibitors Atocha"}]}]}},"_links":{"self":[{"href":"https:\/\/galerianueva.com\/en\/wp-json\/wp\/v2\/pages\/6374"}],"collection":[{"href":"https:\/\/galerianueva.com\/en\/wp-json\/wp\/v2\/pages"}],"about":[{"href":"https:\/\/galerianueva.com\/en\/wp-json\/wp\/v2\/types\/page"}],"author":[{"embeddable":true,"href":"https:\/\/galerianueva.com\/en\/wp-json\/wp\/v2\/users\/1"}],"replies":[{"embeddable":true,"href":"https:\/\/galerianueva.com\/en\/wp-json\/wp\/v2\/comments?post=6374"}],"version-history":[{"count":3,"href":"https:\/\/galerianueva.com\/en\/wp-json\/wp\/v2\/pages\/6374\/revisions"}],"predecessor-version":[{"id":6461,"href":"https:\/\/galerianueva.com\/en\/wp-json\/wp\/v2\/pages\/6374\/revisions\/6461"}],"wp:attachment":[{"href":"https:\/\/galerianueva.com\/en\/wp-json\/wp\/v2\/media?parent=6374"}],"curies":[{"name":"wp","href":"https:\/\/api.w.org\/{rel}","templated":true}]}}